{"id":8,"date":"2024-09-07T20:07:37","date_gmt":"2024-09-07T23:07:37","guid":{"rendered":"http:\/\/alexandrefanti.adv.br\/?page_id=8"},"modified":"2024-10-02T08:01:21","modified_gmt":"2024-10-02T11:01:21","slug":"alexandrefanti","status":"publish","type":"page","link":"https:\/\/alexandrefanti.adv.br\/","title":{"rendered":"Alexandre Fanti"},"content":{"rendered":"<div id=\"pl-8\"  class=\"panel-layout\" ><div id=\"pg-8-0\"  class=\"panel-grid panel-no-style\" ><div id=\"pgc-8-0-0\"  class=\"panel-grid-cell\" ><div id=\"panel-8-0-0-0\" class=\"so-panel widget widget_text panel-first-child panel-last-child\" data-index=\"0\" >\t\t\t<div class=\"textwidget\"><p><img loading=\"lazy\" decoding=\"async\" class=\"alignnone size-full wp-image-69\" src=\"http:\/\/alexandrefanti.adv.br\/wp-content\/uploads\/2024\/09\/s2.png\" alt=\"\" width=\"1920\" height=\"47\" srcset=\"https:\/\/alexandrefanti.adv.br\/wp-content\/uploads\/2024\/09\/s2.png 1920w, https:\/\/alexandrefanti.adv.br\/wp-content\/uploads\/2024\/09\/s2-300x7.png 300w, https:\/\/alexandrefanti.adv.br\/wp-content\/uploads\/2024\/09\/s2-1024x25.png 1024w, https:\/\/alexandrefanti.adv.br\/wp-content\/uploads\/2024\/09\/s2-768x19.png 768w, https:\/\/alexandrefanti.adv.br\/wp-content\/uploads\/2024\/09\/s2-1536x38.png 1536w\" sizes=\"auto, (max-width: 1920px) 100vw, 1920px\" \/><\/p>\n<\/div>\n\t\t<\/div><\/div><\/div><div id=\"pg-8-1\"  class=\"panel-grid panel-no-style\" ><div id=\"pgc-8-1-0\"  class=\"panel-grid-cell\" ><div id=\"panel-8-1-0-0\" class=\"so-panel widget widget_text panel-first-child panel-last-child\" data-index=\"1\" ><h3 class=\"widget-title\">NOSSA CHAPA<\/h3>\t\t\t<div class=\"textwidget\"><p class=\"p1\"><strong><span class=\"s1\">\u00a0<\/span><\/strong><\/p>\n<p>&nbsp;<\/p>\n<\/div>\n\t\t<\/div><\/div><\/div><div id=\"pg-8-2\"  class=\"panel-grid panel-no-style\" ><div id=\"pgc-8-2-0\"  class=\"panel-grid-cell\" ><div id=\"panel-8-2-0-0\" class=\"so-panel widget widget_text panel-first-child panel-last-child\" data-index=\"2\" >\t\t\t<div class=\"textwidget\"><p><img loading=\"lazy\" decoding=\"async\" class=\"size-full wp-image-876 aligncenter\" src=\"http:\/\/alexandrefanti.adv.br\/wp-content\/uploads\/2024\/09\/grupo_okok-1.png\" alt=\"\" width=\"1920\" height=\"1080\" srcset=\"https:\/\/alexandrefanti.adv.br\/wp-content\/uploads\/2024\/09\/grupo_okok-1.png 1920w, https:\/\/alexandrefanti.adv.br\/wp-content\/uploads\/2024\/09\/grupo_okok-1-300x169.png 300w, https:\/\/alexandrefanti.adv.br\/wp-content\/uploads\/2024\/09\/grupo_okok-1-1024x576.png 1024w, https:\/\/alexandrefanti.adv.br\/wp-content\/uploads\/2024\/09\/grupo_okok-1-768x432.png 768w, https:\/\/alexandrefanti.adv.br\/wp-content\/uploads\/2024\/09\/grupo_okok-1-1536x864.png 1536w\" sizes=\"auto, (max-width: 1920px) 100vw, 1920px\" \/><\/p>\n<\/div>\n\t\t<\/div><\/div><\/div><div id=\"pg-8-3\"  class=\"panel-grid panel-no-style\" ><div id=\"pgc-8-3-0\"  class=\"panel-grid-cell\" ><div id=\"panel-8-3-0-0\" class=\"so-panel widget widget_text panel-first-child panel-last-child\" data-index=\"3\" >\t\t\t<div class=\"textwidget\"><p class=\"p1\"><strong>Prezados colegas advogados e advogadas,<\/strong><\/p>\n<p class=\"p1\"><strong>Apresentamos com orgulho a Chapa Alexandre Fanti para as elei\u00e7\u00f5es da OAB Santo Amaro, gest\u00e3o 2025\/2027.<\/strong><\/p>\n<p class=\"p1\">Composta pelos mesmos integrantes da atual diretoria, nossa chapa fez hist\u00f3ria ao ser a primeira a concluir uma gest\u00e3o de sucesso e agora busca a oportunidade de dar continuidade ao trabalho transformador que j\u00e1 est\u00e1 em andamento.<\/p>\n<p class=\"p1\">Presidente: <strong>Alexandre Fanti<br \/>\n<\/strong>Vice-Presidente: <strong>Daniela Palhuca<br \/>\n<\/strong>Secret\u00e1rio Geral: <strong>Gustavo Diaz Rosa<br \/>\n<\/strong>Secret\u00e1ria Geral Adjunta: <strong>Silmara Souza<br \/>\n<\/strong>Tesoureiro: <strong>Wellington Sena<\/strong><\/p>\n<p><a href=\"https:\/\/alexandrefanti.adv.br\/?page_id=21\"><img loading=\"lazy\" decoding=\"async\" class=\"alignleft wp-image-564\" src=\"http:\/\/alexandrefanti.adv.br\/wp-content\/uploads\/2024\/09\/1-3-300x141.png\" alt=\"\" width=\"149\" height=\"70\" srcset=\"https:\/\/alexandrefanti.adv.br\/wp-content\/uploads\/2024\/09\/1-3-300x141.png 300w, https:\/\/alexandrefanti.adv.br\/wp-content\/uploads\/2024\/09\/1-3.png 552w\" sizes=\"auto, (max-width: 149px) 100vw, 149px\" \/><\/a><\/p>\n<p>&nbsp;<\/p>\n<\/div>\n\t\t<\/div><\/div><\/div><div id=\"pg-8-4\"  class=\"panel-grid panel-no-style\" ><div id=\"pgc-8-4-0\"  class=\"panel-grid-cell\" ><div id=\"panel-8-4-0-0\" class=\"so-panel widget widget_text panel-first-child panel-last-child\" data-index=\"4\" >\t\t\t<div class=\"textwidget\"><p><img loading=\"lazy\" decoding=\"async\" class=\"alignnone size-full wp-image-69\" src=\"http:\/\/alexandrefanti.adv.br\/wp-content\/uploads\/2024\/09\/s2.png\" alt=\"\" width=\"1920\" height=\"47\" srcset=\"https:\/\/alexandrefanti.adv.br\/wp-content\/uploads\/2024\/09\/s2.png 1920w, https:\/\/alexandrefanti.adv.br\/wp-content\/uploads\/2024\/09\/s2-300x7.png 300w, https:\/\/alexandrefanti.adv.br\/wp-content\/uploads\/2024\/09\/s2-1024x25.png 1024w, https:\/\/alexandrefanti.adv.br\/wp-content\/uploads\/2024\/09\/s2-768x19.png 768w, https:\/\/alexandrefanti.adv.br\/wp-content\/uploads\/2024\/09\/s2-1536x38.png 1536w\" sizes=\"auto, (max-width: 1920px) 100vw, 1920px\" \/><\/p>\n<\/div>\n\t\t<\/div><\/div><\/div><div id=\"pg-8-5\"  class=\"panel-grid panel-no-style\" ><div id=\"pgc-8-5-0\"  class=\"panel-grid-cell\" ><div id=\"panel-8-5-0-0\" class=\"so-panel widget widget_text panel-first-child panel-last-child\" data-index=\"5\" ><h3 class=\"widget-title\">NOSSAS PROPOSTAS<\/h3>\t\t\t<div class=\"textwidget\"><p class=\"p1\"><strong><span class=\"s1\">\u00a0<\/span><\/strong><\/p>\n<p>&nbsp;<\/p>\n<\/div>\n\t\t<\/div><\/div><\/div><div id=\"pg-8-6\"  class=\"panel-grid panel-no-style\" ><div id=\"pgc-8-6-0\"  class=\"panel-grid-cell\" ><div id=\"panel-8-6-0-0\" class=\"so-panel widget widget_text panel-first-child panel-last-child\" data-index=\"6\" >\t\t\t<div class=\"textwidget\"><p><img loading=\"lazy\" decoding=\"async\" class=\"alignnone size-full wp-image-433\" src=\"http:\/\/alexandrefanti.adv.br\/wp-content\/uploads\/2024\/09\/tela1.png\" alt=\"\" width=\"1920\" height=\"1040\" srcset=\"https:\/\/alexandrefanti.adv.br\/wp-content\/uploads\/2024\/09\/tela1.png 1920w, https:\/\/alexandrefanti.adv.br\/wp-content\/uploads\/2024\/09\/tela1-300x163.png 300w, https:\/\/alexandrefanti.adv.br\/wp-content\/uploads\/2024\/09\/tela1-1024x555.png 1024w, https:\/\/alexandrefanti.adv.br\/wp-content\/uploads\/2024\/09\/tela1-768x416.png 768w, https:\/\/alexandrefanti.adv.br\/wp-content\/uploads\/2024\/09\/tela1-1536x832.png 1536w\" sizes=\"auto, (max-width: 1920px) 100vw, 1920px\" \/><\/p>\n<\/div>\n\t\t<\/div><\/div><\/div><div id=\"pg-8-7\"  class=\"panel-grid panel-no-style\" ><div id=\"pgc-8-7-0\"  class=\"panel-grid-cell\" ><div id=\"panel-8-7-0-0\" class=\"so-panel widget widget_text panel-first-child panel-last-child\" data-index=\"7\" >\t\t\t<div class=\"textwidget\"><p class=\"p1\">Nossa proposta para a pr\u00f3xima gest\u00e3o \u00e9 seguir avan\u00e7ando com esse trabalho de excel\u00eancia, promovendo ainda mais inclus\u00e3o e diversidade, al\u00e9m de manter o foco na humaniza\u00e7\u00e3o de todas as a\u00e7\u00f5es da subse\u00e7\u00e3o. Queremos que cada advogado e advogada sinta-se parte fundamental deste processo de constru\u00e7\u00e3o de uma OAB Santo Amaro mais forte, justa e atuante.<\/p>\n<p class=\"p1\"><strong>Contamos com seu apoio para continuar a escrever essa hist\u00f3ria de sucesso, inclus\u00e3o e progresso.<\/strong><br \/>\n<strong>Por uma OAB atuante, VOTE no FANTI<\/strong><\/p>\n<p><a href=\"https:\/\/alexandrefanti.adv.br\/?page_id=27\"><img loading=\"lazy\" decoding=\"async\" class=\"alignleft wp-image-565\" src=\"http:\/\/alexandrefanti.adv.br\/wp-content\/uploads\/2024\/09\/2-2-300x141.png\" alt=\"\" width=\"149\" height=\"70\" srcset=\"https:\/\/alexandrefanti.adv.br\/wp-content\/uploads\/2024\/09\/2-2-300x141.png 300w, https:\/\/alexandrefanti.adv.br\/wp-content\/uploads\/2024\/09\/2-2.png 552w\" sizes=\"auto, (max-width: 149px) 100vw, 149px\" \/><\/a><\/p>\n<\/div>\n\t\t<\/div><\/div><\/div><div id=\"pg-8-8\"  class=\"panel-grid panel-no-style\" ><div id=\"pgc-8-8-0\"  class=\"panel-grid-cell\" ><div id=\"panel-8-8-0-0\" class=\"so-panel widget widget_text panel-first-child panel-last-child\" data-index=\"8\" >\t\t\t<div class=\"textwidget\"><p><img loading=\"lazy\" decoding=\"async\" class=\"alignnone size-full wp-image-69\" src=\"http:\/\/alexandrefanti.adv.br\/wp-content\/uploads\/2024\/09\/s2.png\" alt=\"\" width=\"1920\" height=\"47\" srcset=\"https:\/\/alexandrefanti.adv.br\/wp-content\/uploads\/2024\/09\/s2.png 1920w, https:\/\/alexandrefanti.adv.br\/wp-content\/uploads\/2024\/09\/s2-300x7.png 300w, https:\/\/alexandrefanti.adv.br\/wp-content\/uploads\/2024\/09\/s2-1024x25.png 1024w, https:\/\/alexandrefanti.adv.br\/wp-content\/uploads\/2024\/09\/s2-768x19.png 768w, https:\/\/alexandrefanti.adv.br\/wp-content\/uploads\/2024\/09\/s2-1536x38.png 1536w\" sizes=\"auto, (max-width: 1920px) 100vw, 1920px\" \/><\/p>\n<\/div>\n\t\t<\/div><\/div><\/div><div id=\"pg-8-9\"  class=\"panel-grid panel-no-style\" ><div id=\"pgc-8-9-0\"  class=\"panel-grid-cell\" ><div id=\"panel-8-9-0-0\" class=\"so-panel widget widget_text panel-first-child panel-last-child\" data-index=\"9\" ><h3 class=\"widget-title\">O QUE J\u00c1 CONQUISTAMOS!<\/h3>\t\t\t<div class=\"textwidget\"><p class=\"p1\"><strong><span class=\"s1\">\u00a0<\/span><\/strong><\/p>\n<p>&nbsp;<\/p>\n<\/div>\n\t\t<\/div><\/div><\/div><div id=\"pg-8-10\"  class=\"panel-grid panel-no-style\" ><div id=\"pgc-8-10-0\"  class=\"panel-grid-cell\" ><div id=\"panel-8-10-0-0\" class=\"so-panel widget widget_text panel-first-child panel-last-child\" data-index=\"10\" >\t\t\t<div class=\"textwidget\"><p><img loading=\"lazy\" decoding=\"async\" class=\"size-full wp-image-540 aligncenter\" src=\"http:\/\/alexandrefanti.adv.br\/wp-content\/uploads\/2024\/09\/painel2-1.png\" alt=\"\" width=\"1920\" height=\"1040\" srcset=\"https:\/\/alexandrefanti.adv.br\/wp-content\/uploads\/2024\/09\/painel2-1.png 1920w, https:\/\/alexandrefanti.adv.br\/wp-content\/uploads\/2024\/09\/painel2-1-300x163.png 300w, https:\/\/alexandrefanti.adv.br\/wp-content\/uploads\/2024\/09\/painel2-1-1024x555.png 1024w, https:\/\/alexandrefanti.adv.br\/wp-content\/uploads\/2024\/09\/painel2-1-768x416.png 768w, https:\/\/alexandrefanti.adv.br\/wp-content\/uploads\/2024\/09\/painel2-1-1536x832.png 1536w\" sizes=\"auto, (max-width: 1920px) 100vw, 1920px\" \/><\/p>\n<\/div>\n\t\t<\/div><\/div><\/div><div id=\"pg-8-11\"  class=\"panel-grid panel-no-style\" ><div id=\"pgc-8-11-0\"  class=\"panel-grid-cell\" ><div id=\"panel-8-11-0-0\" class=\"so-panel widget widget_text panel-first-child panel-last-child\" data-index=\"11\" >\t\t\t<div class=\"textwidget\"><p class=\"p1\">Durante nossa gest\u00e3o, promovemos mudan\u00e7as significativas que elevaram o patamar da subse\u00e7\u00e3o, n\u00e3o apenas no aspecto organizacional e estrutural, mas tamb\u00e9m pela forte \u00eanfase na inclus\u00e3o, diversidade e humaniza\u00e7\u00e3o das pr\u00e1ticas.<\/p>\n<p class=\"p1\">Estabelecemos um ambiente mais acess\u00edvel, acolhedor e plural, onde todos os advogados e advogadas se sentem representados. Nosso compromisso com a valoriza\u00e7\u00e3o da classe passou tamb\u00e9m pelo cuidado com as pessoas, garantindo que o suporte da OAB fosse eficaz, humano e pr\u00f3ximo.<\/p>\n<p><a href=\"https:\/\/alexandrefanti.adv.br\/?page_id=25\"><img loading=\"lazy\" decoding=\"async\" class=\"alignleft wp-image-566\" src=\"http:\/\/alexandrefanti.adv.br\/wp-content\/uploads\/2024\/09\/3-2-300x141.png\" alt=\"\" width=\"149\" height=\"70\" srcset=\"https:\/\/alexandrefanti.adv.br\/wp-content\/uploads\/2024\/09\/3-2-300x141.png 300w, https:\/\/alexandrefanti.adv.br\/wp-content\/uploads\/2024\/09\/3-2.png 552w\" sizes=\"auto, (max-width: 149px) 100vw, 149px\" \/><\/a><\/p>\n<\/div>\n\t\t<\/div><\/div><\/div><div id=\"pg-8-12\"  class=\"panel-grid panel-no-style\" ><div id=\"pgc-8-12-0\"  class=\"panel-grid-cell\" ><div id=\"panel-8-12-0-0\" class=\"so-panel widget widget_text panel-first-child panel-last-child\" data-index=\"12\" >\t\t\t<div class=\"textwidget\"><p><img loading=\"lazy\" decoding=\"async\" class=\"alignnone size-full wp-image-69\" src=\"http:\/\/alexandrefanti.adv.br\/wp-content\/uploads\/2024\/09\/s2.png\" alt=\"\" width=\"1920\" height=\"47\" srcset=\"https:\/\/alexandrefanti.adv.br\/wp-content\/uploads\/2024\/09\/s2.png 1920w, https:\/\/alexandrefanti.adv.br\/wp-content\/uploads\/2024\/09\/s2-300x7.png 300w, https:\/\/alexandrefanti.adv.br\/wp-content\/uploads\/2024\/09\/s2-1024x25.png 1024w, https:\/\/alexandrefanti.adv.br\/wp-content\/uploads\/2024\/09\/s2-768x19.png 768w, https:\/\/alexandrefanti.adv.br\/wp-content\/uploads\/2024\/09\/s2-1536x38.png 1536w\" sizes=\"auto, (max-width: 1920px) 100vw, 1920px\" \/><\/p>\n<\/div>\n\t\t<\/div><\/div><\/div><div id=\"pg-8-13\"  class=\"panel-grid panel-no-style\" ><div id=\"pgc-8-13-0\"  class=\"panel-grid-cell\" ><div id=\"panel-8-13-0-0\" class=\"so-panel widget widget_text panel-first-child\" data-index=\"13\" ><div class=\"panel-widget-style panel-widget-style-for-8-13-0-0\" >\t\t\t<div class=\"textwidget\"><div><\/div>\n<\/div>\n\t\t<\/div><\/div><div id=\"panel-8-13-0-1\" class=\"so-panel widget widget_text panel-last-child\" data-index=\"14\" >\t\t\t<div class=\"textwidget\"><p><a href=\"https:\/\/alexandrefanti.adv.br\/?page_id=804\"><img loading=\"lazy\" decoding=\"async\" class=\"alignnone wp-image-904\" src=\"http:\/\/alexandrefanti.adv.br\/wp-content\/uploads\/2024\/09\/apoiadores-300x141.png\" alt=\"\" width=\"145\" height=\"68\" srcset=\"https:\/\/alexandrefanti.adv.br\/wp-content\/uploads\/2024\/09\/apoiadores-300x141.png 300w, https:\/\/alexandrefanti.adv.br\/wp-content\/uploads\/2024\/09\/apoiadores.png 552w\" sizes=\"auto, (max-width: 145px) 100vw, 145px\" \/><\/a><\/p>\n<\/div>\n\t\t<\/div><\/div><div id=\"pgc-8-13-1\"  class=\"panel-grid-cell\" ><div id=\"panel-8-13-1-0\" class=\"so-panel widget widget_text panel-first-child\" data-index=\"15\" >\t\t\t<div class=\"textwidget\"><p><img loading=\"lazy\" decoding=\"async\" class=\"size-full wp-image-898 aligncenter\" src=\"http:\/\/alexandrefanti.adv.br\/wp-content\/uploads\/2024\/09\/ccx_.png\" alt=\"\" width=\"1170\" height=\"658\" srcset=\"https:\/\/alexandrefanti.adv.br\/wp-content\/uploads\/2024\/09\/ccx_.png 1170w, https:\/\/alexandrefanti.adv.br\/wp-content\/uploads\/2024\/09\/ccx_-300x169.png 300w, https:\/\/alexandrefanti.adv.br\/wp-content\/uploads\/2024\/09\/ccx_-1024x576.png 1024w, https:\/\/alexandrefanti.adv.br\/wp-content\/uploads\/2024\/09\/ccx_-768x432.png 768w\" sizes=\"auto, (max-width: 1170px) 100vw, 1170px\" \/><\/p>\n<\/div>\n\t\t<\/div><div id=\"panel-8-13-1-1\" class=\"so-panel widget widget_text panel-last-child\" data-index=\"16\" >\t\t\t<div class=\"textwidget\"><p><strong><a href=\"https:\/\/drive.google.com\/file\/d\/1oCepyY_yjdqk5TTxgjB8iyM1FUWg64bK\/view\" target=\"_blank\" rel=\"noopener\">Clique e acesse a Retrospectiva da Comiss\u00e3o de Igualdade Racial da OAB Santo Amaro 2022-2024<\/a><\/strong><\/p>\n<p>&nbsp;<\/p>\n<\/div>\n\t\t<\/div><\/div><\/div><div id=\"pg-8-14\"  class=\"panel-grid panel-no-style\" ><div id=\"pgc-8-14-0\"  class=\"panel-grid-cell\" ><div id=\"panel-8-14-0-0\" class=\"so-panel widget widget_text panel-first-child panel-last-child\" data-index=\"17\" >\t\t\t<div class=\"textwidget\"><p><img loading=\"lazy\" decoding=\"async\" class=\"alignnone size-full wp-image-69\" src=\"http:\/\/alexandrefanti.adv.br\/wp-content\/uploads\/2024\/09\/s2.png\" alt=\"\" width=\"1920\" height=\"47\" srcset=\"https:\/\/alexandrefanti.adv.br\/wp-content\/uploads\/2024\/09\/s2.png 1920w, https:\/\/alexandrefanti.adv.br\/wp-content\/uploads\/2024\/09\/s2-300x7.png 300w, https:\/\/alexandrefanti.adv.br\/wp-content\/uploads\/2024\/09\/s2-1024x25.png 1024w, https:\/\/alexandrefanti.adv.br\/wp-content\/uploads\/2024\/09\/s2-768x19.png 768w, https:\/\/alexandrefanti.adv.br\/wp-content\/uploads\/2024\/09\/s2-1536x38.png 1536w\" sizes=\"auto, (max-width: 1920px) 100vw, 1920px\" \/><\/p>\n<\/div>\n\t\t<\/div><\/div><\/div><div id=\"pg-8-15\"  class=\"panel-grid panel-no-style\" ><div id=\"pgc-8-15-0\"  class=\"panel-grid-cell\" ><div id=\"panel-8-15-0-0\" class=\"so-panel widget widget_text panel-first-child panel-last-child\" data-index=\"18\" >\t\t\t<div class=\"textwidget\"><p><img loading=\"lazy\" decoding=\"async\" class=\"alignnone size-full wp-image-751\" src=\"http:\/\/alexandrefanti.adv.br\/wp-content\/uploads\/2024\/09\/tor.png\" alt=\"\" width=\"1920\" height=\"1080\" srcset=\"https:\/\/alexandrefanti.adv.br\/wp-content\/uploads\/2024\/09\/tor.png 1920w, https:\/\/alexandrefanti.adv.br\/wp-content\/uploads\/2024\/09\/tor-300x169.png 300w, https:\/\/alexandrefanti.adv.br\/wp-content\/uploads\/2024\/09\/tor-1024x576.png 1024w, https:\/\/alexandrefanti.adv.br\/wp-content\/uploads\/2024\/09\/tor-768x432.png 768w, https:\/\/alexandrefanti.adv.br\/wp-content\/uploads\/2024\/09\/tor-1536x864.png 1536w\" sizes=\"auto, (max-width: 1920px) 100vw, 1920px\" \/><\/p>\n<p><b>\ud83d\ude80<\/b><b> Acelere com a Chapa Alexandre Fanti! <\/b><b>\ud83d\ude80<\/b><\/p>\n<p><span style=\"font-weight: 400;\">No dia <\/span><b>12 de outubro<\/b><span style=\"font-weight: 400;\">, das <\/span><b>11h \u00e0s 15h<\/b><span style=\"font-weight: 400;\">, daremos o pontap\u00e9 inicial na nossa campanha com um evento imperd\u00edvel: o <\/span><b>Super Adesiva\u00e7o<\/b><span style=\"font-weight: 400;\">! Venha marcar presen\u00e7a e mostrar seu apoio na <\/span><b>Rua Monsenhor Freitas, 18<\/b><span style=\"font-weight: 400;\">.<\/span><\/p>\n<p><span style=\"font-weight: 400;\">Ser\u00e1 uma oportunidade incr\u00edvel de espalharmos pelas ruas de S\u00e3o Paulo os adesivos da <\/span><b>Chapa Alexandre Fanti nos vidros dos Carros<\/b><span style=\"font-weight: 400;\">, fortalecendo ainda mais nossa candidatura.<\/span><\/p>\n<p><span style=\"font-weight: 400;\">E tem mais! O evento \u00e9 <\/span><b>GRATUITO<\/b><span style=\"font-weight: 400;\"> e contar\u00e1 com um <\/span><b>super foodtruck<\/b><span style=\"font-weight: 400;\"> para garantir que voc\u00ea aproveite um bom momento de confraterniza\u00e7\u00e3o, energia e apoio \u00e0 advocacia.<\/span><\/p>\n<p><span style=\"font-weight: 400;\">\ud83d\udcc5<\/span> <b>Data:<\/b><span style=\"font-weight: 400;\"> 12 de outubro<\/span><span style=\"font-weight: 400;\"><br \/>\n<\/span><span style=\"font-weight: 400;\">\ud83d\udd5a<\/span> <b>Hor\u00e1rio:<\/b><span style=\"font-weight: 400;\"> Das 11h \u00e0s 15h<\/span><span style=\"font-weight: 400;\"><br \/>\n<\/span><span style=\"font-weight: 400;\">\ud83d\udccd<\/span> <b>Local:<\/b><span style=\"font-weight: 400;\"> Rua Monsenhor Freitas, 18<\/span><span style=\"font-weight: 400;\"><br \/>\n<\/span><span style=\"font-weight: 400;\">\ud83c\udf54<\/span> <b>Foodtruck gratuito!<\/b><\/p>\n<p><span style=\"font-weight: 400;\">Esse \u00e9 o acelerador inicial da nossa campanha, e contamos com a sua presen\u00e7a para fazermos juntos uma campanha vibrante e cheia de uni\u00e3o! <\/span><span style=\"font-weight: 400;\">\ud83d\udca5<\/span><\/p>\n<p><b>PARTICIPE E VAMOS JUNTOS!<br \/>\n<\/b><b>POR UMA OAB ATUANTE, VOTE NO FANTI<\/b><\/p>\n<p>___<\/p>\n<p>Perdeu? <a href=\"mailto: contato@alexandrefanti.adv.br\"><strong>Envie uma mensagem<\/strong><\/a>.<\/p>\n<p><img loading=\"lazy\" decoding=\"async\" class=\"alignnone wp-image-777\" src=\"http:\/\/alexandrefanti.adv.br\/wp-content\/uploads\/2024\/09\/Adesivo-5x5cm-Couche-Corte-Redondo-Chapa-1-300x300.png\" alt=\"\" width=\"190\" height=\"190\" \/><\/p>\n<\/div>\n\t\t<\/div><\/div><div id=\"pgc-8-15-1\"  class=\"panel-grid-cell\" ><div id=\"panel-8-15-1-0\" class=\"so-panel widget widget_text panel-first-child panel-last-child\" data-index=\"19\" >\t\t\t<div class=\"textwidget\"><p><img loading=\"lazy\" decoding=\"async\" class=\"size-full wp-image-860 aligncenter\" src=\"http:\/\/alexandrefanti.adv.br\/wp-content\/uploads\/2024\/09\/s-1.png\" alt=\"\" width=\"1920\" height=\"1080\" srcset=\"https:\/\/alexandrefanti.adv.br\/wp-content\/uploads\/2024\/09\/s-1.png 1920w, https:\/\/alexandrefanti.adv.br\/wp-content\/uploads\/2024\/09\/s-1-300x169.png 300w, https:\/\/alexandrefanti.adv.br\/wp-content\/uploads\/2024\/09\/s-1-1024x576.png 1024w, https:\/\/alexandrefanti.adv.br\/wp-content\/uploads\/2024\/09\/s-1-768x432.png 768w, https:\/\/alexandrefanti.adv.br\/wp-content\/uploads\/2024\/09\/s-1-1536x864.png 1536w\" sizes=\"auto, (max-width: 1920px) 100vw, 1920px\" \/><\/p>\n<p class=\"p1\"><span class=\"s1\">Fa\u00e7a o seu recadastramento o quanto antes e <strong>VOTE FANTI<\/strong><\/span><\/p>\n<p class=\"p1\"><span class=\"s1\">380 mil advogados e advogadas inscritos na entidade votar\u00e3o pelo celular, tablet ou computador, a<\/span><span class=\"s1\">s elei\u00e7\u00f5es online s\u00e3o um marco para a OAB SP e representam um avan\u00e7o significativo no processo eleitoral da institui\u00e7\u00e3o, promovendo a participa\u00e7\u00e3o ativa de toda a advocacia paulista.<\/span><\/p>\n<p>Para votar, <a href=\"https:\/\/www2.oabsp.org.br\/asp\/dotnet\/LoginSite\/LoginMain.aspx?ReturnUrl=%2fasp%2fdotnet%2fLoginSite%2fAcessoRestrito%2fgateway.aspx%3fop%3d9&amp;op=9\" target=\"_blank\" rel=\"noopener\"><strong>\u00e9 necess\u00e1rio fazer o RECADASTRAMENTO na OAB.SP<\/strong><\/a><\/p>\n<p>Saiba mais: <a href=\"https:\/\/www.oabsp.org.br\/jornaldaadvocacia\/24-09-25-1646-pela-primeira-vez-eleicoes-da-oab-sp-serao-online\" target=\"_blank\" rel=\"noopener\"><strong>https:\/\/www.oabsp.org.br\/jornaldaadvocacia\/<\/strong><\/a><\/p>\n<p>&nbsp;<\/p>\n<\/div>\n\t\t<\/div><\/div><\/div><div id=\"pg-8-16\"  class=\"panel-grid panel-no-style\" ><div id=\"pgc-8-16-0\"  class=\"panel-grid-cell\" ><div id=\"panel-8-16-0-0\" class=\"so-panel widget widget_text panel-first-child panel-last-child\" data-index=\"20\" >\t\t\t<div class=\"textwidget\"><p><img loading=\"lazy\" decoding=\"async\" class=\"alignnone size-full wp-image-69\" src=\"http:\/\/alexandrefanti.adv.br\/wp-content\/uploads\/2024\/09\/s2.png\" alt=\"\" width=\"1920\" height=\"47\" srcset=\"https:\/\/alexandrefanti.adv.br\/wp-content\/uploads\/2024\/09\/s2.png 1920w, https:\/\/alexandrefanti.adv.br\/wp-content\/uploads\/2024\/09\/s2-300x7.png 300w, https:\/\/alexandrefanti.adv.br\/wp-content\/uploads\/2024\/09\/s2-1024x25.png 1024w, https:\/\/alexandrefanti.adv.br\/wp-content\/uploads\/2024\/09\/s2-768x19.png 768w, https:\/\/alexandrefanti.adv.br\/wp-content\/uploads\/2024\/09\/s2-1536x38.png 1536w\" sizes=\"auto, (max-width: 1920px) 100vw, 1920px\" \/><\/p>\n<\/div>\n\t\t<\/div><\/div><\/div><div id=\"pg-8-17\"  class=\"panel-grid panel-no-style\" ><div id=\"pgc-8-17-0\"  class=\"panel-grid-cell\" ><div id=\"panel-8-17-0-0\" class=\"so-panel widget widget_text panel-first-child panel-last-child\" data-index=\"21\" ><h3 class=\"widget-title\">VEM COM A GENTE!<\/h3>\t\t\t<div class=\"textwidget\"><\/div>\n\t\t<\/div><\/div><\/div><div id=\"pg-8-18\"  class=\"panel-grid panel-no-style\" ><div id=\"pgc-8-18-0\"  class=\"panel-grid-cell\" ><div id=\"panel-8-18-0-0\" class=\"so-panel widget widget_text panel-first-child panel-last-child\" data-index=\"22\" >\t\t\t<div class=\"textwidget\"><p>&nbsp;<\/p>\n<p><img loading=\"lazy\" decoding=\"async\" class=\"alignnone wp-image-812\" src=\"http:\/\/alexandrefanti.adv.br\/wp-content\/uploads\/2024\/09\/Untitled-1-2-300x121.png\" alt=\"\" width=\"253\" height=\"102\" srcset=\"https:\/\/alexandrefanti.adv.br\/wp-content\/uploads\/2024\/09\/Untitled-1-2-300x121.png 300w, https:\/\/alexandrefanti.adv.br\/wp-content\/uploads\/2024\/09\/Untitled-1-2.png 588w\" sizes=\"auto, (max-width: 253px) 100vw, 253px\" \/><\/p>\n<p>Acompanhem nossa campanha pelas m\u00eddias sociais,\u00a0 participem, comentem, sigam e compartilhem nossas propostas com todos os colegas!<br \/>\nEstamos te aguardando! clique e acesse agora!<\/p>\n<p><a href=\"https:\/\/www.facebook.com\/alexandre.fanti.11023\" target=\"_blank\" rel=\"noopener\"><strong>FACEBOOK<\/strong><\/a><\/p>\n<p><a href=\"https:\/\/www.instagram.com\/alexandre_fanti\" target=\"_blank\" rel=\"noopener\"><strong>INSTAGRAM<\/strong><\/a><\/p>\n<p><a href=\"https:\/\/www.linkedin.com\/in\/alexandre-fanti-correia-2233478a\/?original_referer=https%3A%2F%2Fwww%2Elinkedin%2Ecom%2F&amp;originalSubdomain=br\" target=\"_blank\" rel=\"noopener\"><strong>LINKED.IN<\/strong><\/a><\/p>\n<p>&nbsp;<\/p>\n<\/div>\n\t\t<\/div><\/div><\/div><\/div>","protected":false},"excerpt":{"rendered":"<p>\u00a0 &nbsp;<\/p>\n","protected":false},"author":1,"featured_media":780,"parent":0,"menu_order":0,"comment_status":"closed","ping_status":"closed","template":"","meta":{"footnotes":""},"class_list":["post-8","page","type-page","status-publish","has-post-thumbnail","hentry"],"_links":{"self":[{"href":"https:\/\/alexandrefanti.adv.br\/index.php?rest_route=\/wp\/v2\/pages\/8","targetHints":{"allow":["GET"]}}],"collection":[{"href":"https:\/\/alexandrefanti.adv.br\/index.php?rest_route=\/wp\/v2\/pages"}],"about":[{"href":"https:\/\/alexandrefanti.adv.br\/index.php?rest_route=\/wp\/v2\/types\/page"}],"author":[{"embeddable":true,"href":"https:\/\/alexandrefanti.adv.br\/index.php?rest_route=\/wp\/v2\/users\/1"}],"replies":[{"embeddable":true,"href":"https:\/\/alexandrefanti.adv.br\/index.php?rest_route=%2Fwp%2Fv2%2Fcomments&post=8"}],"version-history":[{"count":182,"href":"https:\/\/alexandrefanti.adv.br\/index.php?rest_route=\/wp\/v2\/pages\/8\/revisions"}],"predecessor-version":[{"id":947,"href":"https:\/\/alexandrefanti.adv.br\/index.php?rest_route=\/wp\/v2\/pages\/8\/revisions\/947"}],"wp:featuredmedia":[{"embeddable":true,"href":"https:\/\/alexandrefanti.adv.br\/index.php?rest_route=\/wp\/v2\/media\/780"}],"wp:attachment":[{"href":"https:\/\/alexandrefanti.adv.br\/index.php?rest_route=%2Fwp%2Fv2%2Fmedia&parent=8"}],"curies":[{"name":"wp","href":"https:\/\/api.w.org\/{rel}","templated":true}]}}